{"id":4786,"date":"2025-07-19T16:41:46","date_gmt":"2025-07-19T16:41:46","guid":{"rendered":"https:\/\/test.cman.hu\/?page_id=4786"},"modified":"2025-07-21T12:45:55","modified_gmt":"2025-07-21T12:45:55","slug":"karimak-asme-astm","status":"publish","type":"page","link":"https:\/\/test.cman.hu\/en\/karimak-asme-astm\/","title":{"rendered":"Flanges (ASME\/ASTM)"},"content":{"rendered":"<div data-elementor-type=\"wp-page\" data-elementor-id=\"4786\" class=\"elementor elementor-4786\" data-elementor-post-type=\"page\">\n\t\t\t\t<div class=\"elementor-element elementor-element-6351578 e-flex e-con-boxed e-con e-parent\" data-id=\"6351578\" data-element_type=\"container\">\n\t\t\t\t\t<div class=\"e-con-inner\">\n\t\t<div class=\"elementor-element elementor-element-c3611bd e-con-full e-flex e-con e-child\" data-id=\"c3611bd\" data-element_type=\"container\">\n\t\t<div class=\"elementor-element elementor-element-e81a769 e-con-full e-flex e-con e-child\" data-id=\"e81a769\" data-element_type=\"container\">\n\t\t\t\t<div class=\"elementor-element elementor-element-ecc6078 elementor-align-left elementor-mobile-align-justify elementor-tablet-align-left elementor-widget__width-auto elementor-widget-mobile__width-inherit elementor-widget elementor-widget-button\" data-id=\"ecc6078\" data-element_type=\"widget\" data-widget_type=\"button.default\">\n\t\t\t\t<div class=\"elementor-widget-container\">\n\t\t\t\t\t\t\t\t\t<div class=\"elementor-button-wrapper\">\n\t\t\t\t\t<a class=\"elementor-button elementor-button-link elementor-size-sm\" href=\"\/en\/acelcsovek-asme-astm\/\">\n\t\t\t\t\t\t<span class=\"elementor-button-content-wrapper\">\n\t\t\t\t\t\t\t\t\t<span class=\"elementor-button-text\">Steel Pipes - ASME\/ASTM<\/span>\n\t\t\t\t\t<\/span>\n\t\t\t\t\t<\/a>\n\t\t\t\t<\/div>\n\t\t\t\t\t\t\t\t<\/div>\n\t\t\t\t<\/div>\n\t\t\t\t<\/div>\n\t\t<div class=\"elementor-element elementor-element-48db749 e-con-full e-flex e-con e-child\" data-id=\"48db749\" data-element_type=\"container\">\n\t\t\t\t<div class=\"elementor-element elementor-element-b319d59 elementor-align-left elementor-mobile-align-justify elementor-tablet-align-left elementor-widget__width-auto elementor-widget-mobile__width-inherit elementor-widget elementor-widget-button\" data-id=\"b319d59\" data-element_type=\"widget\" data-widget_type=\"button.default\">\n\t\t\t\t<div class=\"elementor-widget-container\">\n\t\t\t\t\t\t\t\t\t<div class=\"elementor-button-wrapper\">\n\t\t\t\t\t<a class=\"elementor-button elementor-button-link elementor-size-sm\" href=\"\/en\/fittingek-asme-astm\/\">\n\t\t\t\t\t\t<span class=\"elementor-button-content-wrapper\">\n\t\t\t\t\t\t\t\t\t<span class=\"elementor-button-text\">Fittings - ASME\/ASTM<\/span>\n\t\t\t\t\t<\/span>\n\t\t\t\t\t<\/a>\n\t\t\t\t<\/div>\n\t\t\t\t\t\t\t\t<\/div>\n\t\t\t\t<\/div>\n\t\t\t\t<\/div>\n\t\t<div class=\"elementor-element elementor-element-e61be24 e-con-full e-flex e-con e-child\" data-id=\"e61be24\" data-element_type=\"container\">\n\t\t\t\t<div class=\"elementor-element elementor-element-60db466 elementor-align-left elementor-mobile-align-justify elementor-tablet-align-left elementor-widget__width-auto elementor-widget-mobile__width-inherit elementor-widget elementor-widget-button\" data-id=\"60db466\" data-element_type=\"widget\" data-widget_type=\"button.default\">\n\t\t\t\t<div class=\"elementor-widget-container\">\n\t\t\t\t\t\t\t\t\t<div class=\"elementor-button-wrapper\">\n\t\t\t\t\t<a class=\"elementor-button elementor-button-link elementor-size-sm\" href=\"\/en\/menetes-es-tokos-szerelvenyek-asme-astm\/\">\n\t\t\t\t\t\t<span class=\"elementor-button-content-wrapper\">\n\t\t\t\t\t\t\t\t\t<span class=\"elementor-button-text\">Forged Fittings - ASME\/ASTM<\/span>\n\t\t\t\t\t<\/span>\n\t\t\t\t\t<\/a>\n\t\t\t\t<\/div>\n\t\t\t\t\t\t\t\t<\/div>\n\t\t\t\t<\/div>\n\t\t\t\t<\/div>\n\t\t\t\t<\/div>\n\t\t\t\t\t<\/div>\n\t\t\t\t<\/div>\n\t\t<div class=\"elementor-element elementor-element-aee576c e-flex e-con-boxed e-con e-parent\" data-id=\"aee576c\" data-element_type=\"container\">\n\t\t\t\t\t<div class=\"e-con-inner\">\n\t\t\t\t<div class=\"elementor-element elementor-element-9cb2650 elementor-widget elementor-widget-heading\" data-id=\"9cb2650\" data-element_type=\"widget\" data-widget_type=\"heading.default\">\n\t\t\t\t<div class=\"elementor-widget-container\">\n\t\t\t\t\t<h2 class=\"elementor-heading-title elementor-size-default\">Flanges (ASME\/ASTM)<\/h2>\t\t\t\t<\/div>\n\t\t\t\t<\/div>\n\t\t\t\t\t<\/div>\n\t\t\t\t<\/div>\n\t\t<div class=\"elementor-element elementor-element-dee19c0 e-flex e-con-boxed e-con e-parent\" data-id=\"dee19c0\" data-element_type=\"container\">\n\t\t\t\t\t<div class=\"e-con-inner\">\n\t\t\t\t<div class=\"elementor-element elementor-element-96de6da elementor-widget-divider--view-line elementor-widget elementor-widget-divider\" data-id=\"96de6da\" data-element_type=\"widget\" data-widget_type=\"divider.default\">\n\t\t\t\t<div class=\"elementor-widget-container\">\n\t\t\t\t\t\t\t<div class=\"elementor-divider\">\n\t\t\t<span class=\"elementor-divider-separator\">\n\t\t\t\t\t\t<\/span>\n\t\t<\/div>\n\t\t\t\t\t\t<\/div>\n\t\t\t\t<\/div>\n\t\t\t\t\t<\/div>\n\t\t\t\t<\/div>\n\t\t<div class=\"elementor-element elementor-element-44c2c04 e-flex e-con-boxed e-con e-parent\" data-id=\"44c2c04\" data-element_type=\"container\">\n\t\t\t\t\t<div class=\"e-con-inner\">\n\t\t<div class=\"elementor-element elementor-element-0d19d93 e-con-full e-flex e-con e-child\" data-id=\"0d19d93\" data-element_type=\"container\">\n\t\t\t\t<div class=\"elementor-element elementor-element-68b008c elementor-widget elementor-widget-heading\" data-id=\"68b008c\" data-element_type=\"widget\" data-widget_type=\"heading.default\">\n\t\t\t\t<div class=\"elementor-widget-container\">\n\t\t\t\t\t<h3 class=\"elementor-heading-title elementor-size-default\">Types<\/h3>\t\t\t\t<\/div>\n\t\t\t\t<\/div>\n\t\t\t\t<div class=\"elementor-element elementor-element-e830633 elementor-widget elementor-widget-text-editor\" data-id=\"e830633\" data-element_type=\"widget\" data-widget_type=\"text-editor.default\">\n\t\t\t\t<div class=\"elementor-widget-container\">\n\t\t\t\t\t\t\t\t\t<p>Welding Neck Flanges<\/p><p>Slip On Flanges<\/p><p>Lap Joint Flanges<\/p><p>Blind Flanges<\/p><p>Socket-Weld Flanges<\/p><p>Theaded Flanges<\/p><p>Long Welding Neck Flanges<\/p><p>Reducing Flanges<\/p><p>Orifice Flanges<\/p>\t\t\t\t\t\t\t\t<\/div>\n\t\t\t\t<\/div>\n\t\t\t\t<\/div>\n\t\t<div class=\"elementor-element elementor-element-08a0e88 e-con-full e-flex e-con e-child\" data-id=\"08a0e88\" data-element_type=\"container\">\n\t\t\t\t<div class=\"elementor-element elementor-element-c5f9392 elementor-widget elementor-widget-heading\" data-id=\"c5f9392\" data-element_type=\"widget\" data-widget_type=\"heading.default\">\n\t\t\t\t<div class=\"elementor-widget-container\">\n\t\t\t\t\t<h3 class=\"elementor-heading-title elementor-size-default\">Norms<\/h3>\t\t\t\t<\/div>\n\t\t\t\t<\/div>\n\t\t\t\t<div class=\"elementor-element elementor-element-400f09e elementor-widget elementor-widget-text-editor\" data-id=\"400f09e\" data-element_type=\"widget\" data-widget_type=\"text-editor.default\">\n\t\t\t\t<div class=\"elementor-widget-container\">\n\t\t\t\t\t\t\t\t\t<p>acc. ASME B16.5 \/ EN1759-1<\/p><p>acc. BS3293<\/p><p>acc. ASME B16.36<\/p><p>acc. ASME B16.47 Series B &#8211; API STD 605<\/p><p>acc. ASME B16.47 Series A &#8211; MSS SP-44<\/p>\t\t\t\t\t\t\t\t<\/div>\n\t\t\t\t<\/div>\n\t\t\t\t<\/div>\n\t\t<div class=\"elementor-element elementor-element-0668c13 e-con-full e-flex e-con e-child\" data-id=\"0668c13\" data-element_type=\"container\">\n\t\t\t\t<div class=\"elementor-element elementor-element-567d6fa elementor-widget elementor-widget-heading\" data-id=\"567d6fa\" data-element_type=\"widget\" data-widget_type=\"heading.default\">\n\t\t\t\t<div class=\"elementor-widget-container\">\n\t\t\t\t\t<h3 class=\"elementor-heading-title elementor-size-default\">Pressure Ratings<\/h3>\t\t\t\t<\/div>\n\t\t\t\t<\/div>\n\t\t\t\t<div class=\"elementor-element elementor-element-91e8398 elementor-widget elementor-widget-text-editor\" data-id=\"91e8398\" data-element_type=\"widget\" data-widget_type=\"text-editor.default\">\n\t\t\t\t<div class=\"elementor-widget-container\">\n\t\t\t\t\t\t\t\t\t<p>150 LBS<\/p><p>300 LBS<\/p><p>400 LBS<\/p><p>600 LBS<\/p><p>900 LBS<\/p><p>1500 LBS<\/p><p>2500 LBS<\/p><p>5000psi<\/p><p>10000psi<\/p>\t\t\t\t\t\t\t\t<\/div>\n\t\t\t\t<\/div>\n\t\t\t\t<\/div>\n\t\t<div class=\"elementor-element elementor-element-fe6dbce e-con-full e-flex e-con e-child\" data-id=\"fe6dbce\" data-element_type=\"container\">\n\t\t\t\t<div class=\"elementor-element elementor-element-fd4b92e elementor-widget elementor-widget-heading\" data-id=\"fd4b92e\" data-element_type=\"widget\" data-widget_type=\"heading.default\">\n\t\t\t\t<div class=\"elementor-widget-container\">\n\t\t\t\t\t<h3 class=\"elementor-heading-title elementor-size-default\">Wall thicknesses<\/h3>\t\t\t\t<\/div>\n\t\t\t\t<\/div>\n\t\t\t\t<div class=\"elementor-element elementor-element-2b49eeb elementor-widget elementor-widget-text-editor\" data-id=\"2b49eeb\" data-element_type=\"widget\" data-widget_type=\"text-editor.default\">\n\t\t\t\t<div class=\"elementor-widget-container\">\n\t\t\t\t\t\t\t\t\t<p>Available in all wall thicknesses<\/p>\t\t\t\t\t\t\t\t<\/div>\n\t\t\t\t<\/div>\n\t\t\t\t<\/div>\n\t\t<div class=\"elementor-element elementor-element-2a024ce e-con-full e-flex e-con e-child\" data-id=\"2a024ce\" data-element_type=\"container\">\n\t\t\t\t<div class=\"elementor-element elementor-element-e89b65c elementor-widget elementor-widget-heading\" data-id=\"e89b65c\" data-element_type=\"widget\" data-widget_type=\"heading.default\">\n\t\t\t\t<div class=\"elementor-widget-container\">\n\t\t\t\t\t<h3 class=\"elementor-heading-title elementor-size-default\">Facings<\/h3>\t\t\t\t<\/div>\n\t\t\t\t<\/div>\n\t\t\t\t<div class=\"elementor-element elementor-element-5b7e21a elementor-widget elementor-widget-text-editor\" data-id=\"5b7e21a\" data-element_type=\"widget\" data-widget_type=\"text-editor.default\">\n\t\t\t\t<div class=\"elementor-widget-container\">\n\t\t\t\t\t\t\t\t\t<p>RF &#8211; LRF &#8211; RTJ<\/p>\t\t\t\t\t\t\t\t<\/div>\n\t\t\t\t<\/div>\n\t\t\t\t<\/div>\n\t\t<div class=\"elementor-element elementor-element-8e832ee e-con-full e-flex e-con e-child\" data-id=\"8e832ee\" data-element_type=\"container\">\n\t\t\t\t<div class=\"elementor-element elementor-element-1f9d060 elementor-widget elementor-widget-heading\" data-id=\"1f9d060\" data-element_type=\"widget\" data-widget_type=\"heading.default\">\n\t\t\t\t<div class=\"elementor-widget-container\">\n\t\t\t\t\t<h3 class=\"elementor-heading-title elementor-size-default\">Dimensions<\/h3>\t\t\t\t<\/div>\n\t\t\t\t<\/div>\n\t\t\t\t<div class=\"elementor-element elementor-element-714773a elementor-widget elementor-widget-text-editor\" data-id=\"714773a\" data-element_type=\"widget\" data-widget_type=\"text-editor.default\">\n\t\t\t\t<div class=\"elementor-widget-container\">\n\t\t\t\t\t\t\t\t\t<p>1\/2&#8243; &#8211; 60&#8243;<\/p>\t\t\t\t\t\t\t\t<\/div>\n\t\t\t\t<\/div>\n\t\t\t\t<\/div>\n\t\t\t\t\t<\/div>\n\t\t\t\t<\/div>\n\t\t\t\t<\/div>","protected":false},"excerpt":{"rendered":"<p>Ac\u00e9lcs\u00f6vek &#8211; ASME\/ASTM Fittingek &#8211; ASME\/ASTM Menetes \u00e9s tokos szerelv\u00e9nyek &#8211; ASME\/ASTM Karim\u00e1k (ASME\/ASTM) T\u00edpusok Hegesztett nyak\u00fa karim\u00e1k R\u00e1h\u00fazhat\u00f3 (r\u00e1cs\u00fasztathat\u00f3) karim\u00e1k Lapos told\u00f3karim\u00e1k \/ Lapos illeszt\u0151karim\u00e1k Vak karim\u00e1k Hegeszt\u0151tokos karim\u00e1k Menetes karim\u00e1k Hossz\u00fa hegesztett nyak\u00fa karim\u00e1k Sz\u0171k\u00edt\u0151 karim\u00e1k Fojt\u00f3karim\u00e1k \/ Furatkarim\u00e1k Szabv\u00e1nyok acc. ASME B16.5 \/ EN1759-1 acc. BS3293 acc. ASME B16.36 acc. ASME B16.47 [&hellip;]<\/p>","protected":false},"author":1,"featured_media":0,"parent":0,"menu_order":0,"comment_status":"closed","ping_status":"closed","template":"","meta":{"site-sidebar-layout":"no-sidebar","site-content-layout":"page-builder","ast-site-content-layout":"full-width-container","site-content-style":"default","site-sidebar-style":"default","ast-global-header-display":"","ast-banner-title-visibility":"","ast-main-header-display":"","ast-hfb-above-header-display":"","ast-hfb-below-header-display":"","ast-hfb-mobile-header-display":"","site-post-title":"disabled","ast-breadcrumbs-content":"","ast-featured-img":"disabled","footer-sml-layout":"","theme-transparent-header-meta":"","adv-header-id-meta":"","stick-header-meta":"","header-above-stick-meta":"","header-main-stick-meta":"","header-below-stick-meta":"","astra-migrate-meta-layouts":"set","ast-page-background-enabled":"default","ast-page-background-meta":{"desktop":{"background-color":"","background-image":"","background-repeat":"repeat","background-position":"center center","background-size":"auto","background-attachment":"scroll","background-type":"","background-media":"","overlay-type":"","overlay-color":"","overlay-opacity":"","overlay-gradient":""},"tablet":{"background-color":"","background-image":"","background-repeat":"repeat","background-position":"center center","background-size":"auto","background-attachment":"scroll","background-type":"","background-media":"","overlay-type":"","overlay-color":"","overlay-opacity":"","overlay-gradient":""},"mobile":{"background-color":"","background-image":"","background-repeat":"repeat","background-position":"center center","background-size":"auto","background-attachment":"scroll","background-type":"","background-media":"","overlay-type":"","overlay-color":"","overlay-opacity":"","overlay-gradient":""}},"ast-content-background-meta":{"desktop":{"background-color":"var(--ast-global-color-5)","background-image":"","background-repeat":"repeat","background-position":"center center","background-size":"auto","background-attachment":"scroll","background-type":"","background-media":"","overlay-type":"","overlay-color":"","overlay-opacity":"","overlay-gradient":""},"tablet":{"background-color":"var(--ast-global-color-5)","background-image":"","background-repeat":"repeat","background-position":"center center","background-size":"auto","background-attachment":"scroll","background-type":"","background-media":"","overlay-type":"","overlay-color":"","overlay-opacity":"","overlay-gradient":""},"mobile":{"background-color":"var(--ast-global-color-5)","background-image":"","background-repeat":"repeat","background-position":"center center","background-size":"auto","background-attachment":"scroll","background-type":"","background-media":"","overlay-type":"","overlay-color":"","overlay-opacity":"","overlay-gradient":""}},"footnotes":""},"class_list":["post-4786","page","type-page","status-publish","hentry"],"_links":{"self":[{"href":"https:\/\/test.cman.hu\/en\/wp-json\/wp\/v2\/pages\/4786","targetHints":{"allow":["GET"]}}],"collection":[{"href":"https:\/\/test.cman.hu\/en\/wp-json\/wp\/v2\/pages"}],"about":[{"href":"https:\/\/test.cman.hu\/en\/wp-json\/wp\/v2\/types\/page"}],"author":[{"embeddable":true,"href":"https:\/\/test.cman.hu\/en\/wp-json\/wp\/v2\/users\/1"}],"replies":[{"embeddable":true,"href":"https:\/\/test.cman.hu\/en\/wp-json\/wp\/v2\/comments?post=4786"}],"version-history":[{"count":1,"href":"https:\/\/test.cman.hu\/en\/wp-json\/wp\/v2\/pages\/4786\/revisions"}],"predecessor-version":[{"id":5106,"href":"https:\/\/test.cman.hu\/en\/wp-json\/wp\/v2\/pages\/4786\/revisions\/5106"}],"wp:attachment":[{"href":"https:\/\/test.cman.hu\/en\/wp-json\/wp\/v2\/media?parent=4786"}],"curies":[{"name":"wp","href":"https:\/\/api.w.org\/{rel}","templated":true}]}}