{"id":4816,"date":"2025-07-19T17:12:55","date_gmt":"2025-07-19T17:12:55","guid":{"rendered":"https:\/\/test.cman.hu\/?page_id=4816"},"modified":"2025-07-21T12:38:55","modified_gmt":"2025-07-21T12:38:55","slug":"fittingek-asme-astm","status":"publish","type":"page","link":"https:\/\/test.cman.hu\/en\/fittingek-asme-astm\/","title":{"rendered":"Fittings, Butt-Weld Fittings (ASME\/ASTM)"},"content":{"rendered":"<div data-elementor-type=\"wp-page\" data-elementor-id=\"4816\" class=\"elementor elementor-4816\" data-elementor-post-type=\"page\">\n\t\t\t\t<div class=\"elementor-element elementor-element-f59b81b e-flex e-con-boxed e-con e-parent\" data-id=\"f59b81b\" data-element_type=\"container\">\n\t\t\t\t\t<div class=\"e-con-inner\">\n\t\t<div class=\"elementor-element elementor-element-e6f708d e-con-full e-flex e-con e-child\" data-id=\"e6f708d\" data-element_type=\"container\">\n\t\t<div class=\"elementor-element elementor-element-fdaae78 e-con-full e-flex e-con e-child\" data-id=\"fdaae78\" data-element_type=\"container\">\n\t\t\t\t<div class=\"elementor-element elementor-element-ed28358 elementor-align-left elementor-mobile-align-justify elementor-tablet-align-left elementor-widget__width-auto elementor-widget-mobile__width-inherit elementor-widget elementor-widget-button\" data-id=\"ed28358\" data-element_type=\"widget\" data-widget_type=\"button.default\">\n\t\t\t\t<div class=\"elementor-widget-container\">\n\t\t\t\t\t\t\t\t\t<div class=\"elementor-button-wrapper\">\n\t\t\t\t\t<a class=\"elementor-button elementor-button-link elementor-size-sm\" href=\"\/en\/acelcsovek-asme-astm\/\">\n\t\t\t\t\t\t<span class=\"elementor-button-content-wrapper\">\n\t\t\t\t\t\t\t\t\t<span class=\"elementor-button-text\">Steel Pipes - ASME\/ASTM<\/span>\n\t\t\t\t\t<\/span>\n\t\t\t\t\t<\/a>\n\t\t\t\t<\/div>\n\t\t\t\t\t\t\t\t<\/div>\n\t\t\t\t<\/div>\n\t\t\t\t<\/div>\n\t\t<div class=\"elementor-element elementor-element-29545a7 e-con-full e-flex e-con e-child\" data-id=\"29545a7\" data-element_type=\"container\">\n\t\t\t\t<div class=\"elementor-element elementor-element-445df69 elementor-align-left elementor-mobile-align-justify elementor-tablet-align-left elementor-widget__width-auto elementor-widget-mobile__width-inherit elementor-widget elementor-widget-button\" data-id=\"445df69\" data-element_type=\"widget\" data-widget_type=\"button.default\">\n\t\t\t\t<div class=\"elementor-widget-container\">\n\t\t\t\t\t\t\t\t\t<div class=\"elementor-button-wrapper\">\n\t\t\t\t\t<a class=\"elementor-button elementor-button-link elementor-size-sm\" href=\"\/en\/karimak-asme-astm\/\">\n\t\t\t\t\t\t<span class=\"elementor-button-content-wrapper\">\n\t\t\t\t\t\t\t\t\t<span class=\"elementor-button-text\">Flanges - ASME\/ASTM<\/span>\n\t\t\t\t\t<\/span>\n\t\t\t\t\t<\/a>\n\t\t\t\t<\/div>\n\t\t\t\t\t\t\t\t<\/div>\n\t\t\t\t<\/div>\n\t\t\t\t<\/div>\n\t\t<div class=\"elementor-element elementor-element-1105286 e-con-full e-flex e-con e-child\" data-id=\"1105286\" data-element_type=\"container\">\n\t\t\t\t<div class=\"elementor-element elementor-element-6ffdc8e elementor-align-left elementor-mobile-align-justify elementor-tablet-align-left elementor-widget__width-auto elementor-widget-mobile__width-inherit elementor-widget elementor-widget-button\" data-id=\"6ffdc8e\" data-element_type=\"widget\" data-widget_type=\"button.default\">\n\t\t\t\t<div class=\"elementor-widget-container\">\n\t\t\t\t\t\t\t\t\t<div class=\"elementor-button-wrapper\">\n\t\t\t\t\t<a class=\"elementor-button elementor-button-link elementor-size-sm\" href=\"\/en\/menetes-es-tokos-szerelvenyek-asme-astm\/\">\n\t\t\t\t\t\t<span class=\"elementor-button-content-wrapper\">\n\t\t\t\t\t\t\t\t\t<span class=\"elementor-button-text\">Forged Fittings - ASME\/ASTM<\/span>\n\t\t\t\t\t<\/span>\n\t\t\t\t\t<\/a>\n\t\t\t\t<\/div>\n\t\t\t\t\t\t\t\t<\/div>\n\t\t\t\t<\/div>\n\t\t\t\t<\/div>\n\t\t\t\t<\/div>\n\t\t\t\t\t<\/div>\n\t\t\t\t<\/div>\n\t\t<div class=\"elementor-element elementor-element-4e5449fe e-flex e-con-boxed e-con e-parent\" data-id=\"4e5449fe\" data-element_type=\"container\">\n\t\t\t\t\t<div class=\"e-con-inner\">\n\t\t\t\t<div class=\"elementor-element elementor-element-473a3da1 elementor-widget elementor-widget-heading\" data-id=\"473a3da1\" data-element_type=\"widget\" data-widget_type=\"heading.default\">\n\t\t\t\t<div class=\"elementor-widget-container\">\n\t\t\t\t\t<h2 class=\"elementor-heading-title elementor-size-default\">Fittings, Butt-Weld Fittings (ASME\/ASTM)<\/h2>\t\t\t\t<\/div>\n\t\t\t\t<\/div>\n\t\t\t\t\t<\/div>\n\t\t\t\t<\/div>\n\t\t<div class=\"elementor-element elementor-element-5a161abb e-flex e-con-boxed e-con e-parent\" data-id=\"5a161abb\" data-element_type=\"container\">\n\t\t\t\t\t<div class=\"e-con-inner\">\n\t\t\t\t<div class=\"elementor-element elementor-element-3bfd8d8c elementor-widget-divider--view-line elementor-widget elementor-widget-divider\" data-id=\"3bfd8d8c\" data-element_type=\"widget\" data-widget_type=\"divider.default\">\n\t\t\t\t<div class=\"elementor-widget-container\">\n\t\t\t\t\t\t\t<div class=\"elementor-divider\">\n\t\t\t<span class=\"elementor-divider-separator\">\n\t\t\t\t\t\t<\/span>\n\t\t<\/div>\n\t\t\t\t\t\t<\/div>\n\t\t\t\t<\/div>\n\t\t\t\t\t<\/div>\n\t\t\t\t<\/div>\n\t\t<div class=\"elementor-element elementor-element-7f746c2b e-flex e-con-boxed e-con e-parent\" data-id=\"7f746c2b\" data-element_type=\"container\">\n\t\t\t\t\t<div class=\"e-con-inner\">\n\t\t<div class=\"elementor-element elementor-element-3fdea93a e-con-full e-flex e-con e-child\" data-id=\"3fdea93a\" data-element_type=\"container\">\n\t\t\t\t<div class=\"elementor-element elementor-element-5a7502ce elementor-widget elementor-widget-heading\" data-id=\"5a7502ce\" data-element_type=\"widget\" data-widget_type=\"heading.default\">\n\t\t\t\t<div class=\"elementor-widget-container\">\n\t\t\t\t\t<h3 class=\"elementor-heading-title elementor-size-default\">Types<\/h3>\t\t\t\t<\/div>\n\t\t\t\t<\/div>\n\t\t\t\t<div class=\"elementor-element elementor-element-68387cf8 elementor-widget elementor-widget-text-editor\" data-id=\"68387cf8\" data-element_type=\"widget\" data-widget_type=\"text-editor.default\">\n\t\t\t\t<div class=\"elementor-widget-container\">\n\t\t\t\t\t\t\t\t\t<p><strong>Elbows<\/strong><\/p><ul><li>Angles 45\u00b0 - 90\u00b0 - 180\u00b0<\/li><li>Elbows and Reducing Elbows Long Radius (LR)<\/li><li>Elbows Short Radius (SR)<\/li><\/ul>\t\t\t\t\t\t\t\t<\/div>\n\t\t\t\t<\/div>\n\t\t\t\t<div class=\"elementor-element elementor-element-29c1ef7 elementor-widget elementor-widget-text-editor\" data-id=\"29c1ef7\" data-element_type=\"widget\" data-widget_type=\"text-editor.default\">\n\t\t\t\t<div class=\"elementor-widget-container\">\n\t\t\t\t\t\t\t\t\t<p><strong>Reducers<\/strong><\/p><ul><li>Concentric Reducers<\/li><li>Eccentric Reducers<\/li><\/ul>\t\t\t\t\t\t\t\t<\/div>\n\t\t\t\t<\/div>\n\t\t\t\t<div class=\"elementor-element elementor-element-bddc6b4 elementor-widget elementor-widget-text-editor\" data-id=\"bddc6b4\" data-element_type=\"widget\" data-widget_type=\"text-editor.default\">\n\t\t\t\t<div class=\"elementor-widget-container\">\n\t\t\t\t\t\t\t\t\t<p><strong>Tees<\/strong><\/p><ul><li>Equal Tees<\/li><li>Reducing Tees<\/li><li>Lateral Tees and Reducing Tees 45\u00b0<\/li><li>Barred Tees<\/li><\/ul>\t\t\t\t\t\t\t\t<\/div>\n\t\t\t\t<\/div>\n\t\t\t\t<div class=\"elementor-element elementor-element-f4d2d9d elementor-widget elementor-widget-text-editor\" data-id=\"f4d2d9d\" data-element_type=\"widget\" data-widget_type=\"text-editor.default\">\n\t\t\t\t<div class=\"elementor-widget-container\">\n\t\t\t\t\t\t\t\t\t<p><strong>Caps<\/strong><\/p><p><strong>Crosses<\/strong><\/p>\t\t\t\t\t\t\t\t<\/div>\n\t\t\t\t<\/div>\n\t\t\t\t<\/div>\n\t\t<div class=\"elementor-element elementor-element-979e6d6 e-con-full e-flex e-con e-child\" data-id=\"979e6d6\" data-element_type=\"container\">\n\t\t\t\t<div class=\"elementor-element elementor-element-517f8c5e elementor-widget elementor-widget-heading\" data-id=\"517f8c5e\" data-element_type=\"widget\" data-widget_type=\"heading.default\">\n\t\t\t\t<div class=\"elementor-widget-container\">\n\t\t\t\t\t<h3 class=\"elementor-heading-title elementor-size-default\">Norms<\/h3>\t\t\t\t<\/div>\n\t\t\t\t<\/div>\n\t\t\t\t<div class=\"elementor-element elementor-element-4a984f77 elementor-widget elementor-widget-text-editor\" data-id=\"4a984f77\" data-element_type=\"widget\" data-widget_type=\"text-editor.default\">\n\t\t\t\t<div class=\"elementor-widget-container\">\n\t\t\t\t\t\t\t\t\t<p>ASME B16.9<\/p><p>ASME B16.28<\/p>\t\t\t\t\t\t\t\t<\/div>\n\t\t\t\t<\/div>\n\t\t\t\t<div class=\"elementor-element elementor-element-60a7a1cb elementor-widget elementor-widget-heading\" data-id=\"60a7a1cb\" data-element_type=\"widget\" data-widget_type=\"heading.default\">\n\t\t\t\t<div class=\"elementor-widget-container\">\n\t\t\t\t\t<h3 class=\"elementor-heading-title elementor-size-default\">Wall thicknesses<\/h3>\t\t\t\t<\/div>\n\t\t\t\t<\/div>\n\t\t\t\t<div class=\"elementor-element elementor-element-5f14a679 elementor-widget elementor-widget-text-editor\" data-id=\"5f14a679\" data-element_type=\"widget\" data-widget_type=\"text-editor.default\">\n\t\t\t\t<div class=\"elementor-widget-container\">\n\t\t\t\t\t\t\t\t\t<p>Available in all wall thicknesses<\/p>\t\t\t\t\t\t\t\t<\/div>\n\t\t\t\t<\/div>\n\t\t\t\t<\/div>\n\t\t<div class=\"elementor-element elementor-element-af07ba e-con-full e-flex e-con e-child\" data-id=\"af07ba\" data-element_type=\"container\">\n\t\t\t\t<div class=\"elementor-element elementor-element-3c29332 elementor-widget elementor-widget-heading\" data-id=\"3c29332\" data-element_type=\"widget\" data-widget_type=\"heading.default\">\n\t\t\t\t<div class=\"elementor-widget-container\">\n\t\t\t\t\t<h3 class=\"elementor-heading-title elementor-size-default\">Dimensions<\/h3>\t\t\t\t<\/div>\n\t\t\t\t<\/div>\n\t\t\t\t<div class=\"elementor-element elementor-element-78dd0f1 elementor-widget elementor-widget-text-editor\" data-id=\"78dd0f1\" data-element_type=\"widget\" data-widget_type=\"text-editor.default\">\n\t\t\t\t<div class=\"elementor-widget-container\">\n\t\t\t\t\t\t\t\t\t<p>1\/2&#8243; &#8211; 60&#8243;<\/p>\t\t\t\t\t\t\t\t<\/div>\n\t\t\t\t<\/div>\n\t\t\t\t<\/div>\n\t\t\t\t\t<\/div>\n\t\t\t\t<\/div>\n\t\t\t\t<\/div>","protected":false},"excerpt":{"rendered":"<p>Ac\u00e9lcs\u00f6vek &#8211; ASME\/ASTM Karim\u00e1k &#8211; ASME\/ASTM Menetes \u00e9s tokos szerelv\u00e9nyek &#8211; ASME\/ASTM Fittingek, hegeszthet\u0151 idomok (ASME\/ASTM) T\u00edpusok K\u00f6ny\u00f6kidomok 45\u00b0, 90\u00b0, 180\u00b0-os hajl\u00e1ssz\u00f6g\u0171 k\u00f6ny\u00f6kidomok Hossz\u00fa sugar\u00fa (LR) k\u00f6ny\u00f6kidomok \u00e9s sz\u0171k\u00edt\u0151 k\u00f6ny\u00f6kidomok R\u00f6vid sugar\u00fa (SR) k\u00f6ny\u00f6kidomok Sz\u0171k\u00edt\u0151k Koncentrikus sz\u0171k\u00edt\u0151k Excentrikus sz\u0171k\u00edt\u0151k T-idomok Egyenl\u0151 sz\u00e1r\u00fa T-idomok Sz\u0171k\u00edt\u0151 T-idomok 45\u00b0-os el\u00e1gaz\u00f3 T-idomok \u00e9s 45\u00b0-os sz\u0171k\u00edt\u0151 T-idomok R\u00e1csos T-idomok V\u00e9gz\u00e1r\u00f3 [&hellip;]<\/p>","protected":false},"author":1,"featured_media":0,"parent":0,"menu_order":0,"comment_status":"closed","ping_status":"closed","template":"","meta":{"site-sidebar-layout":"no-sidebar","site-content-layout":"page-builder","ast-site-content-layout":"full-width-container","site-content-style":"default","site-sidebar-style":"default","ast-global-header-display":"","ast-banner-title-visibility":"","ast-main-header-display":"","ast-hfb-above-header-display":"","ast-hfb-below-header-display":"","ast-hfb-mobile-header-display":"","site-post-title":"disabled","ast-breadcrumbs-content":"","ast-featured-img":"disabled","footer-sml-layout":"","theme-transparent-header-meta":"","adv-header-id-meta":"","stick-header-meta":"","header-above-stick-meta":"","header-main-stick-meta":"","header-below-stick-meta":"","astra-migrate-meta-layouts":"set","ast-page-background-enabled":"default","ast-page-background-meta":{"desktop":{"background-color":"","background-image":"","background-repeat":"repeat","background-position":"center center","background-size":"auto","background-attachment":"scroll","background-type":"","background-media":"","overlay-type":"","overlay-color":"","overlay-opacity":"","overlay-gradient":""},"tablet":{"background-color":"","background-image":"","background-repeat":"repeat","background-position":"center center","background-size":"auto","background-attachment":"scroll","background-type":"","background-media":"","overlay-type":"","overlay-color":"","overlay-opacity":"","overlay-gradient":""},"mobile":{"background-color":"","background-image":"","background-repeat":"repeat","background-position":"center center","background-size":"auto","background-attachment":"scroll","background-type":"","background-media":"","overlay-type":"","overlay-color":"","overlay-opacity":"","overlay-gradient":""}},"ast-content-background-meta":{"desktop":{"background-color":"var(--ast-global-color-5)","background-image":"","background-repeat":"repeat","background-position":"center center","background-size":"auto","background-attachment":"scroll","background-type":"","background-media":"","overlay-type":"","overlay-color":"","overlay-opacity":"","overlay-gradient":""},"tablet":{"background-color":"var(--ast-global-color-5)","background-image":"","background-repeat":"repeat","background-position":"center center","background-size":"auto","background-attachment":"scroll","background-type":"","background-media":"","overlay-type":"","overlay-color":"","overlay-opacity":"","overlay-gradient":""},"mobile":{"background-color":"var(--ast-global-color-5)","background-image":"","background-repeat":"repeat","background-position":"center center","background-size":"auto","background-attachment":"scroll","background-type":"","background-media":"","overlay-type":"","overlay-color":"","overlay-opacity":"","overlay-gradient":""}},"footnotes":""},"class_list":["post-4816","page","type-page","status-publish","hentry"],"_links":{"self":[{"href":"https:\/\/test.cman.hu\/en\/wp-json\/wp\/v2\/pages\/4816","targetHints":{"allow":["GET"]}}],"collection":[{"href":"https:\/\/test.cman.hu\/en\/wp-json\/wp\/v2\/pages"}],"about":[{"href":"https:\/\/test.cman.hu\/en\/wp-json\/wp\/v2\/types\/page"}],"author":[{"embeddable":true,"href":"https:\/\/test.cman.hu\/en\/wp-json\/wp\/v2\/users\/1"}],"replies":[{"embeddable":true,"href":"https:\/\/test.cman.hu\/en\/wp-json\/wp\/v2\/comments?post=4816"}],"version-history":[{"count":0,"href":"https:\/\/test.cman.hu\/en\/wp-json\/wp\/v2\/pages\/4816\/revisions"}],"wp:attachment":[{"href":"https:\/\/test.cman.hu\/en\/wp-json\/wp\/v2\/media?parent=4816"}],"curies":[{"name":"wp","href":"https:\/\/api.w.org\/{rel}","templated":true}]}}