{"id":4822,"date":"2025-07-19T17:24:39","date_gmt":"2025-07-19T17:24:39","guid":{"rendered":"https:\/\/test.cman.hu\/?page_id=4822"},"modified":"2025-07-24T10:07:26","modified_gmt":"2025-07-24T10:07:26","slug":"menetes-es-tokos-szerelvenyek-asme-astm","status":"publish","type":"page","link":"https:\/\/test.cman.hu\/en\/menetes-es-tokos-szerelvenyek-asme-astm\/","title":{"rendered":"Forged Fittings (ASME\/ASTM)"},"content":{"rendered":"<div data-elementor-type=\"wp-page\" data-elementor-id=\"4822\" class=\"elementor elementor-4822\" data-elementor-post-type=\"page\">\n\t\t\t\t<div class=\"elementor-element elementor-element-1dfea58 e-flex e-con-boxed e-con e-parent\" data-id=\"1dfea58\" data-element_type=\"container\">\n\t\t\t\t\t<div class=\"e-con-inner\">\n\t\t<div class=\"elementor-element elementor-element-ccfc1cf e-con-full e-flex e-con e-child\" data-id=\"ccfc1cf\" data-element_type=\"container\">\n\t\t<div class=\"elementor-element elementor-element-681c4d7 e-con-full e-flex e-con e-child\" data-id=\"681c4d7\" data-element_type=\"container\">\n\t\t\t\t<div class=\"elementor-element elementor-element-9defaa7 elementor-align-left elementor-mobile-align-justify elementor-tablet-align-left elementor-widget__width-auto elementor-widget-mobile__width-inherit elementor-widget elementor-widget-button\" data-id=\"9defaa7\" data-element_type=\"widget\" data-widget_type=\"button.default\">\n\t\t\t\t<div class=\"elementor-widget-container\">\n\t\t\t\t\t\t\t\t\t<div class=\"elementor-button-wrapper\">\n\t\t\t\t\t<a class=\"elementor-button elementor-button-link elementor-size-sm\" href=\"\/en\/acelcsovek-asme-astm\/\">\n\t\t\t\t\t\t<span class=\"elementor-button-content-wrapper\">\n\t\t\t\t\t\t\t\t\t<span class=\"elementor-button-text\">Steel Pipes - ASME\/ASTM<\/span>\n\t\t\t\t\t<\/span>\n\t\t\t\t\t<\/a>\n\t\t\t\t<\/div>\n\t\t\t\t\t\t\t\t<\/div>\n\t\t\t\t<\/div>\n\t\t\t\t<\/div>\n\t\t<div class=\"elementor-element elementor-element-fa626a1 e-con-full e-flex e-con e-child\" data-id=\"fa626a1\" data-element_type=\"container\">\n\t\t\t\t<div class=\"elementor-element elementor-element-079f449 elementor-align-left elementor-mobile-align-justify elementor-tablet-align-left elementor-widget__width-auto elementor-widget-mobile__width-inherit elementor-widget elementor-widget-button\" data-id=\"079f449\" data-element_type=\"widget\" data-widget_type=\"button.default\">\n\t\t\t\t<div class=\"elementor-widget-container\">\n\t\t\t\t\t\t\t\t\t<div class=\"elementor-button-wrapper\">\n\t\t\t\t\t<a class=\"elementor-button elementor-button-link elementor-size-sm\" href=\"\/en\/karimak-asme-astm\/\">\n\t\t\t\t\t\t<span class=\"elementor-button-content-wrapper\">\n\t\t\t\t\t\t\t\t\t<span class=\"elementor-button-text\">Flanges - ASME\/ASTM<\/span>\n\t\t\t\t\t<\/span>\n\t\t\t\t\t<\/a>\n\t\t\t\t<\/div>\n\t\t\t\t\t\t\t\t<\/div>\n\t\t\t\t<\/div>\n\t\t\t\t<\/div>\n\t\t<div class=\"elementor-element elementor-element-1bdfdcd e-con-full e-flex e-con e-child\" data-id=\"1bdfdcd\" data-element_type=\"container\">\n\t\t\t\t<div class=\"elementor-element elementor-element-8bbe45d elementor-align-left elementor-mobile-align-justify elementor-tablet-align-left elementor-widget__width-auto elementor-widget-mobile__width-inherit elementor-widget elementor-widget-button\" data-id=\"8bbe45d\" data-element_type=\"widget\" data-widget_type=\"button.default\">\n\t\t\t\t<div class=\"elementor-widget-container\">\n\t\t\t\t\t\t\t\t\t<div class=\"elementor-button-wrapper\">\n\t\t\t\t\t<a class=\"elementor-button elementor-button-link elementor-size-sm\" href=\"\/en\/fittingek-asme-astm\/\">\n\t\t\t\t\t\t<span class=\"elementor-button-content-wrapper\">\n\t\t\t\t\t\t\t\t\t<span class=\"elementor-button-text\">Fittings - ASME\/ASTM<\/span>\n\t\t\t\t\t<\/span>\n\t\t\t\t\t<\/a>\n\t\t\t\t<\/div>\n\t\t\t\t\t\t\t\t<\/div>\n\t\t\t\t<\/div>\n\t\t\t\t<\/div>\n\t\t\t\t<\/div>\n\t\t\t\t\t<\/div>\n\t\t\t\t<\/div>\n\t\t<div class=\"elementor-element elementor-element-7661a6b4 e-flex e-con-boxed e-con e-parent\" data-id=\"7661a6b4\" data-element_type=\"container\">\n\t\t\t\t\t<div class=\"e-con-inner\">\n\t\t\t\t<div class=\"elementor-element elementor-element-6e3657b6 elementor-widget elementor-widget-heading\" data-id=\"6e3657b6\" data-element_type=\"widget\" data-widget_type=\"heading.default\">\n\t\t\t\t<div class=\"elementor-widget-container\">\n\t\t\t\t\t<h2 class=\"elementor-heading-title elementor-size-default\">Forged Fittings (ASME\/ASTM)<\/h2>\t\t\t\t<\/div>\n\t\t\t\t<\/div>\n\t\t\t\t\t<\/div>\n\t\t\t\t<\/div>\n\t\t<div class=\"elementor-element elementor-element-1da419ab e-flex e-con-boxed e-con e-parent\" data-id=\"1da419ab\" data-element_type=\"container\">\n\t\t\t\t\t<div class=\"e-con-inner\">\n\t\t\t\t<div class=\"elementor-element elementor-element-2ba3932c elementor-widget-divider--view-line elementor-widget elementor-widget-divider\" data-id=\"2ba3932c\" data-element_type=\"widget\" data-widget_type=\"divider.default\">\n\t\t\t\t<div class=\"elementor-widget-container\">\n\t\t\t\t\t\t\t<div class=\"elementor-divider\">\n\t\t\t<span class=\"elementor-divider-separator\">\n\t\t\t\t\t\t<\/span>\n\t\t<\/div>\n\t\t\t\t\t\t<\/div>\n\t\t\t\t<\/div>\n\t\t\t\t\t<\/div>\n\t\t\t\t<\/div>\n\t\t<div class=\"elementor-element elementor-element-3cad2f43 e-flex e-con-boxed e-con e-parent\" data-id=\"3cad2f43\" data-element_type=\"container\">\n\t\t\t\t\t<div class=\"e-con-inner\">\n\t\t<div class=\"elementor-element elementor-element-77cdeb14 e-con-full e-flex e-con e-child\" data-id=\"77cdeb14\" data-element_type=\"container\">\n\t\t\t\t<div class=\"elementor-element elementor-element-efdecc6 elementor-widget elementor-widget-heading\" data-id=\"efdecc6\" data-element_type=\"widget\" data-widget_type=\"heading.default\">\n\t\t\t\t<div class=\"elementor-widget-container\">\n\t\t\t\t\t<h3 class=\"elementor-heading-title elementor-size-default\">Types<\/h3>\t\t\t\t<\/div>\n\t\t\t\t<\/div>\n\t\t\t\t<div class=\"elementor-element elementor-element-6d523549 elementor-widget elementor-widget-text-editor\" data-id=\"6d523549\" data-element_type=\"widget\" data-widget_type=\"text-editor.default\">\n\t\t\t\t<div class=\"elementor-widget-container\">\n\t\t\t\t\t\t\t\t\t<p>Close Nipples<\/p><p>Pipe Nipples - Swage Nipples acc. BS 3799<\/p><p>Reducers Concentric &amp; Eccentric acc. BS 3799<\/p><p>Flanged Nipples Outlets<\/p><p>Nozzles<\/p><p>Nipple Outlets<\/p><p>Socket Outlets<\/p><p>Welding Outlets<\/p><p>Threaded Outlets<\/p><p>Lateral Outlets<\/p><p>Elbow Outlets<\/p><p>Elbows acc. ASME B16.11 BS 3799 MSS SP-79 \/ 83<\/p><p>Tees acc. ASME B16.11 BS 3799 MSS SP-79 \/ 83<\/p><p>Caps acc. ASME B16.11 BS 3799 Mss SP-79 \/ 83<\/p><p>Couplings acc. ASME B16.11 BS 3799 MSS SP-79 \/ 83<\/p><p>Menetes cs\u0151k\u00f6t\u0151 idomok (ASME\u202fB16.11 \/ BS\u202f3799 \/ MSS\u202fSP\u201179\/83)<\/p><p>Plugs acc. ASME B16.11 BS 3799 MSS SP-79 \/ 83<\/p><p>Crosses acc. ASME B16.11 BS 3799 MSS SP-79 \/ 83<\/p>\t\t\t\t\t\t\t\t<\/div>\n\t\t\t\t<\/div>\n\t\t\t\t<\/div>\n\t\t<div class=\"elementor-element elementor-element-7a0260ac e-con-full e-flex e-con e-child\" data-id=\"7a0260ac\" data-element_type=\"container\">\n\t\t\t\t<div class=\"elementor-element elementor-element-fe082b8 elementor-widget elementor-widget-heading\" data-id=\"fe082b8\" data-element_type=\"widget\" data-widget_type=\"heading.default\">\n\t\t\t\t<div class=\"elementor-widget-container\">\n\t\t\t\t\t<h3 class=\"elementor-heading-title elementor-size-default\">Pressure Ratings<\/h3>\t\t\t\t<\/div>\n\t\t\t\t<\/div>\n\t\t\t\t<div class=\"elementor-element elementor-element-bd59a63 elementor-widget elementor-widget-text-editor\" data-id=\"bd59a63\" data-element_type=\"widget\" data-widget_type=\"text-editor.default\">\n\t\t\t\t<div class=\"elementor-widget-container\">\n\t\t\t\t\t\t\t\t\t<p>3000LBS &#8211; 6000LBS &#8211; 9000LBS<\/p>\t\t\t\t\t\t\t\t<\/div>\n\t\t\t\t<\/div>\n\t\t\t\t<\/div>\n\t\t<div class=\"elementor-element elementor-element-51e79b19 e-con-full e-flex e-con e-child\" data-id=\"51e79b19\" data-element_type=\"container\">\n\t\t\t\t<div class=\"elementor-element elementor-element-3ef407f6 elementor-widget elementor-widget-heading\" data-id=\"3ef407f6\" data-element_type=\"widget\" data-widget_type=\"heading.default\">\n\t\t\t\t<div class=\"elementor-widget-container\">\n\t\t\t\t\t<h3 class=\"elementor-heading-title elementor-size-default\">Executions<\/h3>\t\t\t\t<\/div>\n\t\t\t\t<\/div>\n\t\t\t\t<div class=\"elementor-element elementor-element-26280bd3 elementor-widget elementor-widget-text-editor\" data-id=\"26280bd3\" data-element_type=\"widget\" data-widget_type=\"text-editor.default\">\n\t\t\t\t<div class=\"elementor-widget-container\">\n\t\t\t\t\t\t\t\t\t<p>NPT<\/p><p>Socket Weld<\/p>\t\t\t\t\t\t\t\t<\/div>\n\t\t\t\t<\/div>\n\t\t\t\t<\/div>\n\t\t\t\t\t<\/div>\n\t\t\t\t<\/div>\n\t\t\t\t<\/div>","protected":false},"excerpt":{"rendered":"<p>Ac\u00e9lcs\u00f6vek &#8211; ASME\/ASTM Karim\u00e1k &#8211; ASME\/ASTM Fittingek &#8211; ASME\/ASTM Menetes \u00e9s tokos szerelv\u00e9nyek (ASME\/ASTM) T\u00edpusok R\u00f6vid cs\u0151csonkok Cs\u0151csonkok \u2013 Sz\u0171k\u00edt\u0151s cs\u0151csonkok (BS\u202f3799) Sz\u0171k\u00edt\u0151k, koncentrikus \u00e9s excentrikus (BS\u202f3799) Karim\u00e1s cs\u0151csonk\u2011kivezet\u00e9sek F\u00fav\u00f3k\u00e1k Cs\u0151csonk\u2011kivezet\u00e9sek Tokos (socket\u2011weld) kivezet\u00e9sek Hegesztett kivezet\u00e9sek Menetes kivezet\u00e9sek 45\u00b0\u2011os oldal\u00e1gi kivezet\u00e9sek K\u00f6ny\u00f6k\u2011kivezet\u00e9sek K\u00f6ny\u00f6kidomok (ASME\u202fB16.11 \/ BS\u202f3799 \/ MSS\u202fSP\u201179\/83) T\u2011idomok (ASME\u202fB16.11 \/ BS\u202f3799 \/ MSS\u202fSP\u201179\/83) V\u00e9gz\u00e1r\u00f3 [&hellip;]<\/p>","protected":false},"author":1,"featured_media":0,"parent":0,"menu_order":0,"comment_status":"closed","ping_status":"closed","template":"","meta":{"site-sidebar-layout":"no-sidebar","site-content-layout":"page-builder","ast-site-content-layout":"full-width-container","site-content-style":"default","site-sidebar-style":"default","ast-global-header-display":"","ast-banner-title-visibility":"","ast-main-header-display":"","ast-hfb-above-header-display":"","ast-hfb-below-header-display":"","ast-hfb-mobile-header-display":"","site-post-title":"disabled","ast-breadcrumbs-content":"","ast-featured-img":"disabled","footer-sml-layout":"","theme-transparent-header-meta":"","adv-header-id-meta":"","stick-header-meta":"","header-above-stick-meta":"","header-main-stick-meta":"","header-below-stick-meta":"","astra-migrate-meta-layouts":"set","ast-page-background-enabled":"default","ast-page-background-meta":{"desktop":{"background-color":"","background-image":"","background-repeat":"repeat","background-position":"center center","background-size":"auto","background-attachment":"scroll","background-type":"","background-media":"","overlay-type":"","overlay-color":"","overlay-opacity":"","overlay-gradient":""},"tablet":{"background-color":"","background-image":"","background-repeat":"repeat","background-position":"center center","background-size":"auto","background-attachment":"scroll","background-type":"","background-media":"","overlay-type":"","overlay-color":"","overlay-opacity":"","overlay-gradient":""},"mobile":{"background-color":"","background-image":"","background-repeat":"repeat","background-position":"center center","background-size":"auto","background-attachment":"scroll","background-type":"","background-media":"","overlay-type":"","overlay-color":"","overlay-opacity":"","overlay-gradient":""}},"ast-content-background-meta":{"desktop":{"background-color":"var(--ast-global-color-5)","background-image":"","background-repeat":"repeat","background-position":"center center","background-size":"auto","background-attachment":"scroll","background-type":"","background-media":"","overlay-type":"","overlay-color":"","overlay-opacity":"","overlay-gradient":""},"tablet":{"background-color":"var(--ast-global-color-5)","background-image":"","background-repeat":"repeat","background-position":"center center","background-size":"auto","background-attachment":"scroll","background-type":"","background-media":"","overlay-type":"","overlay-color":"","overlay-opacity":"","overlay-gradient":""},"mobile":{"background-color":"var(--ast-global-color-5)","background-image":"","background-repeat":"repeat","background-position":"center center","background-size":"auto","background-attachment":"scroll","background-type":"","background-media":"","overlay-type":"","overlay-color":"","overlay-opacity":"","overlay-gradient":""}},"footnotes":""},"class_list":["post-4822","page","type-page","status-publish","hentry"],"_links":{"self":[{"href":"https:\/\/test.cman.hu\/en\/wp-json\/wp\/v2\/pages\/4822","targetHints":{"allow":["GET"]}}],"collection":[{"href":"https:\/\/test.cman.hu\/en\/wp-json\/wp\/v2\/pages"}],"about":[{"href":"https:\/\/test.cman.hu\/en\/wp-json\/wp\/v2\/types\/page"}],"author":[{"embeddable":true,"href":"https:\/\/test.cman.hu\/en\/wp-json\/wp\/v2\/users\/1"}],"replies":[{"embeddable":true,"href":"https:\/\/test.cman.hu\/en\/wp-json\/wp\/v2\/comments?post=4822"}],"version-history":[{"count":3,"href":"https:\/\/test.cman.hu\/en\/wp-json\/wp\/v2\/pages\/4822\/revisions"}],"predecessor-version":[{"id":5101,"href":"https:\/\/test.cman.hu\/en\/wp-json\/wp\/v2\/pages\/4822\/revisions\/5101"}],"wp:attachment":[{"href":"https:\/\/test.cman.hu\/en\/wp-json\/wp\/v2\/media?parent=4822"}],"curies":[{"name":"wp","href":"https:\/\/api.w.org\/{rel}","templated":true}]}}