{"id":4839,"date":"2025-07-19T17:39:40","date_gmt":"2025-07-19T17:39:40","guid":{"rendered":"https:\/\/test.cman.hu\/?page_id=4839"},"modified":"2025-07-21T14:01:31","modified_gmt":"2025-07-21T14:01:31","slug":"karimak-din-en","status":"publish","type":"page","link":"https:\/\/test.cman.hu\/en\/karimak-din-en\/","title":{"rendered":"Flanges (DIN\/EN)"},"content":{"rendered":"<div data-elementor-type=\"wp-page\" data-elementor-id=\"4839\" class=\"elementor elementor-4839\" data-elementor-post-type=\"page\">\n\t\t\t\t<div class=\"elementor-element elementor-element-3dc740f e-flex e-con-boxed e-con e-parent\" data-id=\"3dc740f\" data-element_type=\"container\">\n\t\t\t\t\t<div class=\"e-con-inner\">\n\t\t<div class=\"elementor-element elementor-element-73987f9 e-con-full e-flex e-con e-child\" data-id=\"73987f9\" data-element_type=\"container\">\n\t\t<div class=\"elementor-element elementor-element-35e191d e-con-full e-flex e-con e-child\" data-id=\"35e191d\" data-element_type=\"container\">\n\t\t\t\t<div class=\"elementor-element elementor-element-a479a1c elementor-align-left elementor-mobile-align-justify elementor-tablet-align-left elementor-widget__width-auto elementor-widget-mobile__width-inherit elementor-widget elementor-widget-button\" data-id=\"a479a1c\" data-element_type=\"widget\" data-widget_type=\"button.default\">\n\t\t\t\t<div class=\"elementor-widget-container\">\n\t\t\t\t\t\t\t\t\t<div class=\"elementor-button-wrapper\">\n\t\t\t\t\t<a class=\"elementor-button elementor-button-link elementor-size-sm\" href=\"\/en\/acelcsovek-din-en\/\">\n\t\t\t\t\t\t<span class=\"elementor-button-content-wrapper\">\n\t\t\t\t\t\t\t\t\t<span class=\"elementor-button-text\">Steel Pipes - DIN\/EN<\/span>\n\t\t\t\t\t<\/span>\n\t\t\t\t\t<\/a>\n\t\t\t\t<\/div>\n\t\t\t\t\t\t\t\t<\/div>\n\t\t\t\t<\/div>\n\t\t\t\t<\/div>\n\t\t<div class=\"elementor-element elementor-element-f9b4b2d e-con-full e-flex e-con e-child\" data-id=\"f9b4b2d\" data-element_type=\"container\">\n\t\t\t\t<div class=\"elementor-element elementor-element-4ef63e2 elementor-align-left elementor-mobile-align-justify elementor-tablet-align-left elementor-widget__width-auto elementor-widget-mobile__width-inherit elementor-widget elementor-widget-button\" data-id=\"4ef63e2\" data-element_type=\"widget\" data-widget_type=\"button.default\">\n\t\t\t\t<div class=\"elementor-widget-container\">\n\t\t\t\t\t\t\t\t\t<div class=\"elementor-button-wrapper\">\n\t\t\t\t\t<a class=\"elementor-button elementor-button-link elementor-size-sm\" href=\"\/en\/fittingek-din-en\/\">\n\t\t\t\t\t\t<span class=\"elementor-button-content-wrapper\">\n\t\t\t\t\t\t\t\t\t<span class=\"elementor-button-text\">Fittings - DIN\/EN<\/span>\n\t\t\t\t\t<\/span>\n\t\t\t\t\t<\/a>\n\t\t\t\t<\/div>\n\t\t\t\t\t\t\t\t<\/div>\n\t\t\t\t<\/div>\n\t\t\t\t<\/div>\n\t\t<div class=\"elementor-element elementor-element-8c28887 e-con-full elementor-hidden-tablet elementor-hidden-mobile e-flex e-con e-child\" data-id=\"8c28887\" data-element_type=\"container\">\n\t\t\t\t<\/div>\n\t\t<div class=\"elementor-element elementor-element-3fc85df e-con-full elementor-hidden-tablet elementor-hidden-mobile e-flex e-con e-child\" data-id=\"3fc85df\" data-element_type=\"container\">\n\t\t\t\t<\/div>\n\t\t\t\t<\/div>\n\t\t\t\t\t<\/div>\n\t\t\t\t<\/div>\n\t\t<div class=\"elementor-element elementor-element-32288e72 e-flex e-con-boxed e-con e-parent\" data-id=\"32288e72\" data-element_type=\"container\">\n\t\t\t\t\t<div class=\"e-con-inner\">\n\t\t\t\t<div class=\"elementor-element elementor-element-1f6fcff9 elementor-widget elementor-widget-heading\" data-id=\"1f6fcff9\" data-element_type=\"widget\" data-widget_type=\"heading.default\">\n\t\t\t\t<div class=\"elementor-widget-container\">\n\t\t\t\t\t<h2 class=\"elementor-heading-title elementor-size-default\">Flanges (DIN\/EN)<\/h2>\t\t\t\t<\/div>\n\t\t\t\t<\/div>\n\t\t\t\t\t<\/div>\n\t\t\t\t<\/div>\n\t\t<div class=\"elementor-element elementor-element-294b402f e-flex e-con-boxed e-con e-parent\" data-id=\"294b402f\" data-element_type=\"container\">\n\t\t\t\t\t<div class=\"e-con-inner\">\n\t\t\t\t<div class=\"elementor-element elementor-element-62f0436e elementor-widget-divider--view-line elementor-widget elementor-widget-divider\" data-id=\"62f0436e\" data-element_type=\"widget\" data-widget_type=\"divider.default\">\n\t\t\t\t<div class=\"elementor-widget-container\">\n\t\t\t\t\t\t\t<div class=\"elementor-divider\">\n\t\t\t<span class=\"elementor-divider-separator\">\n\t\t\t\t\t\t<\/span>\n\t\t<\/div>\n\t\t\t\t\t\t<\/div>\n\t\t\t\t<\/div>\n\t\t\t\t\t<\/div>\n\t\t\t\t<\/div>\n\t\t<div class=\"elementor-element elementor-element-155e67e e-flex e-con-boxed e-con e-parent\" data-id=\"155e67e\" data-element_type=\"container\">\n\t\t\t\t\t<div class=\"e-con-inner\">\n\t\t<div class=\"elementor-element elementor-element-40a203a0 e-con-full e-flex e-con e-child\" data-id=\"40a203a0\" data-element_type=\"container\">\n\t\t\t\t<div class=\"elementor-element elementor-element-4a1fd8f7 elementor-widget elementor-widget-heading\" data-id=\"4a1fd8f7\" data-element_type=\"widget\" data-widget_type=\"heading.default\">\n\t\t\t\t<div class=\"elementor-widget-container\">\n\t\t\t\t\t<h3 class=\"elementor-heading-title elementor-size-default\">Types<\/h3>\t\t\t\t<\/div>\n\t\t\t\t<\/div>\n\t\t\t\t<div class=\"elementor-element elementor-element-2f523a46 elementor-widget elementor-widget-text-editor\" data-id=\"2f523a46\" data-element_type=\"widget\" data-widget_type=\"text-editor.default\">\n\t\t\t\t<div class=\"elementor-widget-container\">\n\t\t\t\t\t\t\t\t\t<p><strong>Plate Flanges \/ Slip-On Flanges<\/strong><\/p><ul><li>DIN 2573 \/ DIN 2576<\/li><li>EN 1092-1 TYPE 01<\/li><\/ul><p><strong>Loose Flanges \/ Lap Joint Flanges<\/strong><\/p><ul><li>DIN 2641 \/ DIN 2642<\/li><li>EN 1092-1 TYPE 02<\/li><\/ul><p><strong>Blind Flanges<\/strong><\/p><ul><li>DIN 2527<\/li><li>EN 1092-1 TYPE 05<\/li><\/ul><p><strong>Welding Neck Flanges<\/strong><\/p><ul><li>DIN 2631 \u2013 DIN 2638<\/li><li>EN 1092-1 TYPE 11\u00a0<\/li><\/ul><p><strong>Hubbed Slip-On Flanges<\/strong><\/p><ul><li>DIN 86029 \/ DIN 86030<\/li><li>EN 1092-1 TYPE 12\u00a0<\/li><\/ul><p><strong>Theaded Flanges<\/strong><\/p><ul><li>DIN 2566<\/li><li>EN 1092-1 TYPE 13<\/li><\/ul><p><strong>Special Threaded Flanges<\/strong><\/p><ul><li>DIN 28030 \u2013 DIN 28031 \u2013 DIN 28032 \u2013 DIN 28034 \u2013 DIN 28036 \u2013 DIN 28038<\/li><\/ul>\t\t\t\t\t\t\t\t<\/div>\n\t\t\t\t<\/div>\n\t\t\t\t<\/div>\n\t\t<div class=\"elementor-element elementor-element-68209e7 e-con-full e-flex e-con e-child\" data-id=\"68209e7\" data-element_type=\"container\">\n\t\t\t\t<div class=\"elementor-element elementor-element-ab76f5a elementor-widget elementor-widget-heading\" data-id=\"ab76f5a\" data-element_type=\"widget\" data-widget_type=\"heading.default\">\n\t\t\t\t<div class=\"elementor-widget-container\">\n\t\t\t\t\t<h3 class=\"elementor-heading-title elementor-size-default\">Norms<\/h3>\t\t\t\t<\/div>\n\t\t\t\t<\/div>\n\t\t\t\t<div class=\"elementor-element elementor-element-14e3be07 elementor-widget elementor-widget-text-editor\" data-id=\"14e3be07\" data-element_type=\"widget\" data-widget_type=\"text-editor.default\">\n\t\t\t\t<div class=\"elementor-widget-container\">\n\t\t\t\t\t\t\t\t\t<p>EN1092-1<\/p><p>DIN<\/p>\t\t\t\t\t\t\t\t<\/div>\n\t\t\t\t<\/div>\n\t\t\t\t<div class=\"elementor-element elementor-element-6524cba elementor-widget elementor-widget-heading\" data-id=\"6524cba\" data-element_type=\"widget\" data-widget_type=\"heading.default\">\n\t\t\t\t<div class=\"elementor-widget-container\">\n\t\t\t\t\t<h3 class=\"elementor-heading-title elementor-size-default\">Facings<\/h3>\t\t\t\t<\/div>\n\t\t\t\t<\/div>\n\t\t\t\t<div class=\"elementor-element elementor-element-b258c1d elementor-widget elementor-widget-text-editor\" data-id=\"b258c1d\" data-element_type=\"widget\" data-widget_type=\"text-editor.default\">\n\t\t\t\t<div class=\"elementor-widget-container\">\n\t\t\t\t\t\t\t\t\t<p>Form A: Flat Face<\/p><p>Form B1: Raised Face (narrow)<\/p><p>Form B2: Raised Face (wide)<\/p><p>Form C: Tongue (Feder)<\/p><p>Form D: Groove (Nut)<\/p><p>Form E: Male Facing<\/p><p>Form F: Female Facing<\/p><p>Form G: Groove Seal Ring<\/p><p>Form H: Rubber Seal Ring<\/p>\t\t\t\t\t\t\t\t<\/div>\n\t\t\t\t<\/div>\n\t\t\t\t<div class=\"elementor-element elementor-element-2343c15f elementor-widget elementor-widget-heading\" data-id=\"2343c15f\" data-element_type=\"widget\" data-widget_type=\"heading.default\">\n\t\t\t\t<div class=\"elementor-widget-container\">\n\t\t\t\t\t<h3 class=\"elementor-heading-title elementor-size-default\">Dimensions<\/h3>\t\t\t\t<\/div>\n\t\t\t\t<\/div>\n\t\t\t\t<div class=\"elementor-element elementor-element-6741e0d1 elementor-widget elementor-widget-text-editor\" data-id=\"6741e0d1\" data-element_type=\"widget\" data-widget_type=\"text-editor.default\">\n\t\t\t\t<div class=\"elementor-widget-container\">\n\t\t\t\t\t\t\t\t\t<p>DN10-DN4000<\/p>\t\t\t\t\t\t\t\t<\/div>\n\t\t\t\t<\/div>\n\t\t\t\t<div class=\"elementor-element elementor-element-feac7b7 elementor-widget elementor-widget-heading\" data-id=\"feac7b7\" data-element_type=\"widget\" data-widget_type=\"heading.default\">\n\t\t\t\t<div class=\"elementor-widget-container\">\n\t\t\t\t\t<h3 class=\"elementor-heading-title elementor-size-default\">Wall thicknesses<\/h3>\t\t\t\t<\/div>\n\t\t\t\t<\/div>\n\t\t\t\t<div class=\"elementor-element elementor-element-b3a6693 elementor-widget elementor-widget-text-editor\" data-id=\"b3a6693\" data-element_type=\"widget\" data-widget_type=\"text-editor.default\">\n\t\t\t\t<div class=\"elementor-widget-container\">\n\t\t\t\t\t\t\t\t\t<p>Available in all wall thicknesses<\/p>\t\t\t\t\t\t\t\t<\/div>\n\t\t\t\t<\/div>\n\t\t\t\t<\/div>\n\t\t<div class=\"elementor-element elementor-element-7b1e31e4 e-con-full e-flex e-con e-child\" data-id=\"7b1e31e4\" data-element_type=\"container\">\n\t\t\t\t<div class=\"elementor-element elementor-element-6448b29b elementor-widget elementor-widget-heading\" data-id=\"6448b29b\" data-element_type=\"widget\" data-widget_type=\"heading.default\">\n\t\t\t\t<div class=\"elementor-widget-container\">\n\t\t\t\t\t<h3 class=\"elementor-heading-title elementor-size-default\">Pressure Ratings<\/h3>\t\t\t\t<\/div>\n\t\t\t\t<\/div>\n\t\t\t\t<div class=\"elementor-element elementor-element-636ea741 elementor-widget elementor-widget-text-editor\" data-id=\"636ea741\" data-element_type=\"widget\" data-widget_type=\"text-editor.default\">\n\t\t\t\t<div class=\"elementor-widget-container\">\n\t\t\t\t\t\t\t\t\t<p>PN2.5<\/p><p>PN6<\/p><p>PN10<\/p><p>PN16<\/p><p>PN25<\/p><p>PN40<\/p><p>PN63<\/p><p>PN100<\/p><p>PN160<\/p><p>PN250<\/p><p>PN320<\/p><p>PN400<\/p>\t\t\t\t\t\t\t\t<\/div>\n\t\t\t\t<\/div>\n\t\t\t\t<\/div>\n\t\t\t\t\t<\/div>\n\t\t\t\t<\/div>\n\t\t\t\t<\/div>","protected":false},"excerpt":{"rendered":"<p>Ac\u00e9lcs\u00f6vek &#8211; DIN\/EN Fittingek &#8211; DIN\/EN Karim\u00e1k (DIN\/EN) T\u00edpusok Lapos karim\u00e1k \/ R\u00e1h\u00fazhat\u00f3 karim\u00e1k DIN 2573 \/ DIN 2576 EN 1092-1 TYPE 01 Lazakarim\u00e1k \/ Illeszt\u0151 karim\u00e1k DIN 2641 \/ DIN 2642 EN 1092-1 TYPE 02 Vak karim\u00e1k DIN 2527 EN 1092-1 TYPE 05 Hegesztett nyak\u00fa karim\u00e1k DIN 2631 \u2013 DIN 2638 EN 1092-1 TYPE [&hellip;]<\/p>","protected":false},"author":1,"featured_media":0,"parent":0,"menu_order":0,"comment_status":"closed","ping_status":"closed","template":"","meta":{"site-sidebar-layout":"no-sidebar","site-content-layout":"page-builder","ast-site-content-layout":"full-width-container","site-content-style":"default","site-sidebar-style":"default","ast-global-header-display":"","ast-banner-title-visibility":"","ast-main-header-display":"","ast-hfb-above-header-display":"","ast-hfb-below-header-display":"","ast-hfb-mobile-header-display":"","site-post-title":"disabled","ast-breadcrumbs-content":"","ast-featured-img":"disabled","footer-sml-layout":"","theme-transparent-header-meta":"","adv-header-id-meta":"","stick-header-meta":"","header-above-stick-meta":"","header-main-stick-meta":"","header-below-stick-meta":"","astra-migrate-meta-layouts":"set","ast-page-background-enabled":"default","ast-page-background-meta":{"desktop":{"background-color":"","background-image":"","background-repeat":"repeat","background-position":"center center","background-size":"auto","background-attachment":"scroll","background-type":"","background-media":"","overlay-type":"","overlay-color":"","overlay-opacity":"","overlay-gradient":""},"tablet":{"background-color":"","background-image":"","background-repeat":"repeat","background-position":"center center","background-size":"auto","background-attachment":"scroll","background-type":"","background-media":"","overlay-type":"","overlay-color":"","overlay-opacity":"","overlay-gradient":""},"mobile":{"background-color":"","background-image":"","background-repeat":"repeat","background-position":"center center","background-size":"auto","background-attachment":"scroll","background-type":"","background-media":"","overlay-type":"","overlay-color":"","overlay-opacity":"","overlay-gradient":""}},"ast-content-background-meta":{"desktop":{"background-color":"var(--ast-global-color-5)","background-image":"","background-repeat":"repeat","background-position":"center center","background-size":"auto","background-attachment":"scroll","background-type":"","background-media":"","overlay-type":"","overlay-color":"","overlay-opacity":"","overlay-gradient":""},"tablet":{"background-color":"var(--ast-global-color-5)","background-image":"","background-repeat":"repeat","background-position":"center center","background-size":"auto","background-attachment":"scroll","background-type":"","background-media":"","overlay-type":"","overlay-color":"","overlay-opacity":"","overlay-gradient":""},"mobile":{"background-color":"var(--ast-global-color-5)","background-image":"","background-repeat":"repeat","background-position":"center center","background-size":"auto","background-attachment":"scroll","background-type":"","background-media":"","overlay-type":"","overlay-color":"","overlay-opacity":"","overlay-gradient":""}},"footnotes":""},"class_list":["post-4839","page","type-page","status-publish","hentry"],"_links":{"self":[{"href":"https:\/\/test.cman.hu\/en\/wp-json\/wp\/v2\/pages\/4839","targetHints":{"allow":["GET"]}}],"collection":[{"href":"https:\/\/test.cman.hu\/en\/wp-json\/wp\/v2\/pages"}],"about":[{"href":"https:\/\/test.cman.hu\/en\/wp-json\/wp\/v2\/types\/page"}],"author":[{"embeddable":true,"href":"https:\/\/test.cman.hu\/en\/wp-json\/wp\/v2\/users\/1"}],"replies":[{"embeddable":true,"href":"https:\/\/test.cman.hu\/en\/wp-json\/wp\/v2\/comments?post=4839"}],"version-history":[{"count":3,"href":"https:\/\/test.cman.hu\/en\/wp-json\/wp\/v2\/pages\/4839\/revisions"}],"predecessor-version":[{"id":5042,"href":"https:\/\/test.cman.hu\/en\/wp-json\/wp\/v2\/pages\/4839\/revisions\/5042"}],"wp:attachment":[{"href":"https:\/\/test.cman.hu\/en\/wp-json\/wp\/v2\/media?parent=4839"}],"curies":[{"name":"wp","href":"https:\/\/api.w.org\/{rel}","templated":true}]}}