{"id":4941,"date":"2025-07-21T10:28:44","date_gmt":"2025-07-21T10:28:44","guid":{"rendered":"https:\/\/test.cman.hu\/?page_id=4941"},"modified":"2025-07-21T14:25:23","modified_gmt":"2025-07-21T14:25:23","slug":"anyagminosegek","status":"publish","type":"page","link":"https:\/\/test.cman.hu\/en\/anyagminosegek\/","title":{"rendered":"Materials"},"content":{"rendered":"<div data-elementor-type=\"wp-page\" data-elementor-id=\"4941\" class=\"elementor elementor-4941\" data-elementor-post-type=\"page\">\n\t\t\t\t<div class=\"elementor-element elementor-element-569b3d1f e-flex e-con-boxed e-con e-parent\" data-id=\"569b3d1f\" data-element_type=\"container\">\n\t\t\t\t\t<div class=\"e-con-inner\">\n\t\t\t\t<div class=\"elementor-element elementor-element-476f3454 elementor-widget elementor-widget-heading\" data-id=\"476f3454\" data-element_type=\"widget\" data-widget_type=\"heading.default\">\n\t\t\t\t<div class=\"elementor-widget-container\">\n\t\t\t\t\t<h2 class=\"elementor-heading-title elementor-size-default\">Materials<\/h2>\t\t\t\t<\/div>\n\t\t\t\t<\/div>\n\t\t\t\t\t<\/div>\n\t\t\t\t<\/div>\n\t\t<div class=\"elementor-element elementor-element-1925130f e-flex e-con-boxed e-con e-parent\" data-id=\"1925130f\" data-element_type=\"container\">\n\t\t\t\t\t<div class=\"e-con-inner\">\n\t\t\t\t<div class=\"elementor-element elementor-element-7ce23547 elementor-widget-divider--view-line elementor-widget elementor-widget-divider\" data-id=\"7ce23547\" data-element_type=\"widget\" data-widget_type=\"divider.default\">\n\t\t\t\t<div class=\"elementor-widget-container\">\n\t\t\t\t\t\t\t<div class=\"elementor-divider\">\n\t\t\t<span class=\"elementor-divider-separator\">\n\t\t\t\t\t\t<\/span>\n\t\t<\/div>\n\t\t\t\t\t\t<\/div>\n\t\t\t\t<\/div>\n\t\t\t\t\t<\/div>\n\t\t\t\t<\/div>\n\t\t<div class=\"elementor-element elementor-element-37db8ac2 e-flex e-con-boxed e-con e-parent\" data-id=\"37db8ac2\" data-element_type=\"container\">\n\t\t\t\t\t<div class=\"e-con-inner\">\n\t\t<div class=\"elementor-element elementor-element-117761e2 e-con-full e-flex e-con e-child\" data-id=\"117761e2\" data-element_type=\"container\">\n\t\t\t\t<div class=\"elementor-element elementor-element-79ef15da elementor-widget elementor-widget-heading\" data-id=\"79ef15da\" data-element_type=\"widget\" data-widget_type=\"heading.default\">\n\t\t\t\t<div class=\"elementor-widget-container\">\n\t\t\t\t\t<h3 class=\"elementor-heading-title elementor-size-default\">Carbon Steel<\/h3>\t\t\t\t<\/div>\n\t\t\t\t<\/div>\n\t\t\t\t<div class=\"elementor-element elementor-element-46735b9 elementor-widget elementor-widget-text-editor\" data-id=\"46735b9\" data-element_type=\"widget\" data-widget_type=\"text-editor.default\">\n\t\t\t\t<div class=\"elementor-widget-container\">\n\t\t\t\t\t\t\t\t\t<p><strong>DIN\/EN:<\/strong><\/p><ul><li>RST37-2 &#8211; C22.8 &#8211; P245GH &#8211; P250GH &#8211; P265GH &#8211; P265NL &#8211; P280GH &#8211;<br \/>P355NH &#8211; P235GH TC 1 &#8211; ST.35.8\/I &#8211; ST.52.III &#8211; ST.52.0 &#8211; ST.52.3<\/li><li>TstE 355 &#8211; P265GH &#8211; P265NL &#8211; P280GH &#8211; P355NH<\/li><li>16Mo3 &#8211; 13CrMo4-5 &#8211; 10CrMo9.10 &#8211; 12CrMo19.5<\/li><\/ul>\t\t\t\t\t\t\t\t<\/div>\n\t\t\t\t<\/div>\n\t\t\t\t<div class=\"elementor-element elementor-element-e2f9cdc elementor-widget elementor-widget-text-editor\" data-id=\"e2f9cdc\" data-element_type=\"widget\" data-widget_type=\"text-editor.default\">\n\t\t\t\t<div class=\"elementor-widget-container\">\n\t\t\t\t\t\t\t\t\t<p><strong>ASME\/ASTM:<\/strong><\/p><ul><li>ASTM A105N\/C21 &#8211; A234WPB &#8211; A106 GR.B<\/li><li>A350 Grade LF1 &#8211; LF2Cl.1 &#8211; LFCl.2 &#8211; LF3 &#8211; LFCl.2 &#8211; A420WPL6<\/li><li>A 182 Grade F1-F2 &#8211; F5 &#8211; F5a &#8211; F9 &#8211; F11Cl.1 &#8211; F11Cl.2 &#8211; F11Cl.3 &#8211; F12Cl.1<\/li><li>F12Cl.2 &#8211; F22Cl.1 &#8211; F22Cl.3 &#8211; F22V &#8211; F9I<\/li><li>ASTM A 694 &#8211; F42 &#8211; F46 &#8211; F48 &#8211; F50 &#8211; F52 &#8211; F56 &#8211; F60 &#8211; F65 &#8211; F70<\/li><li>ASTM A 860 WPHY 42 &#8211; WPHY 46 &#8211; WPHY 52 &#8211; WPHY 60 &#8211; WPHY 65 &#8211;<br \/>WPHY 75 42 &#8211; WPHY 46 &#8211; WPHY 52 &#8211; WPHY 56 &#8211; WPHY 60 -WPHY 65 &#8211; WPHY 70<\/li><\/ul>\t\t\t\t\t\t\t\t<\/div>\n\t\t\t\t<\/div>\n\t\t\t\t<\/div>\n\t\t<div class=\"elementor-element elementor-element-532b87e7 e-con-full e-flex e-con e-child\" data-id=\"532b87e7\" data-element_type=\"container\">\n\t\t\t\t<div class=\"elementor-element elementor-element-7b14735e elementor-widget elementor-widget-heading\" data-id=\"7b14735e\" data-element_type=\"widget\" data-widget_type=\"heading.default\">\n\t\t\t\t<div class=\"elementor-widget-container\">\n\t\t\t\t\t<h3 class=\"elementor-heading-title elementor-size-default\">Austenitic Stainless Steel (acid- and corrosion-resistant)<\/h3>\t\t\t\t<\/div>\n\t\t\t\t<\/div>\n\t\t\t\t<div class=\"elementor-element elementor-element-bdd4a58 elementor-widget elementor-widget-text-editor\" data-id=\"bdd4a58\" data-element_type=\"widget\" data-widget_type=\"text-editor.default\">\n\t\t\t\t<div class=\"elementor-widget-container\">\n\t\t\t\t\t\t\t\t\t<p><strong>DIN\/EN:<\/strong><\/p><ul><li>1,4301 &#8211; 1,4306 &#8211; 1,4401 &#8211; 1,4404 &#8211; 1,4541 &#8211; 1,4571<\/li><\/ul>\t\t\t\t\t\t\t\t<\/div>\n\t\t\t\t<\/div>\n\t\t\t\t<div class=\"elementor-element elementor-element-5bd64fe elementor-widget elementor-widget-text-editor\" data-id=\"5bd64fe\" data-element_type=\"widget\" data-widget_type=\"text-editor.default\">\n\t\t\t\t<div class=\"elementor-widget-container\">\n\t\t\t\t\t\t\t\t\t<p><strong>ASME\/ASTM:<\/strong><\/p><ul><li>A 182 Grade F304 &#8211; F304H &#8211; F304L &#8211; F310 &#8211; F316 &#8211; F316H &#8211; F316L &#8211;<br \/>F321 &#8211; F321H &#8211; F347 &#8211; F347H<\/li><li>A403 Grade WP304 &#8211; WP304H &#8211; WP304L &#8211; WP316 &#8211; WP316H &#8211;<br \/>WP316L &#8211; WP321 &#8211; WP321H &#8211; WP347 &#8211; WP347H<\/li><\/ul>\t\t\t\t\t\t\t\t<\/div>\n\t\t\t\t<\/div>\n\t\t\t\t<\/div>\n\t\t<div class=\"elementor-element elementor-element-6b5dde19 e-con-full e-flex e-con e-child\" data-id=\"6b5dde19\" data-element_type=\"container\">\n\t\t\t\t<div class=\"elementor-element elementor-element-44d338eb elementor-widget elementor-widget-heading\" data-id=\"44d338eb\" data-element_type=\"widget\" data-widget_type=\"heading.default\">\n\t\t\t\t<div class=\"elementor-widget-container\">\n\t\t\t\t\t<h3 class=\"elementor-heading-title elementor-size-default\">Duplex \/ Superduplex<\/h3>\t\t\t\t<\/div>\n\t\t\t\t<\/div>\n\t\t\t\t<div class=\"elementor-element elementor-element-575e3a6 elementor-widget elementor-widget-text-editor\" data-id=\"575e3a6\" data-element_type=\"widget\" data-widget_type=\"text-editor.default\">\n\t\t\t\t<div class=\"elementor-widget-container\">\n\t\t\t\t\t\t\t\t\t<p><strong>Duplex:<\/strong><\/p><ul><li>UNS S 31803 &#8211; ASTM A182 F51 &#8211; DIN 1.4462<\/li><\/ul>\t\t\t\t\t\t\t\t<\/div>\n\t\t\t\t<\/div>\n\t\t\t\t<div class=\"elementor-element elementor-element-3a89266 elementor-widget elementor-widget-text-editor\" data-id=\"3a89266\" data-element_type=\"widget\" data-widget_type=\"text-editor.default\">\n\t\t\t\t<div class=\"elementor-widget-container\">\n\t\t\t\t\t\t\t\t\t<p><strong>Superduplex:<\/strong><\/p><ul><li>UNS S 32550 &#8211; ASTM A182 F61<br \/>UNS S 32750 &#8211; ASTM A182 F53<br \/>UNS S 32760 &#8211; ASTM A182 F55<\/li><\/ul>\t\t\t\t\t\t\t\t<\/div>\n\t\t\t\t<\/div>\n\t\t\t\t<\/div>\n\t\t\t\t\t<\/div>\n\t\t\t\t<\/div>\n\t\t\t\t<\/div>","protected":false},"excerpt":{"rendered":"<p>Anyagmin\u0151s\u00e9gek Sz\u00e9nac\u00e9l DIN\/EN: RST37-2 &#8211; C22.8 &#8211; P245GH &#8211; P250GH &#8211; P265GH &#8211; P265NL &#8211; P280GH &#8211;P355NH &#8211; P235GH TC 1 &#8211; ST.35.8\/I &#8211; ST.52.III &#8211; ST.52.0 &#8211; ST.52.3 TstE 355 &#8211; P265GH &#8211; P265NL &#8211; P280GH &#8211; P355NH 16Mo3 &#8211; 13CrMo4-5 &#8211; 10CrMo9.10 &#8211; 12CrMo19.5 ASME\/ASTM: ASTM A105N\/C21 &#8211; A234WPB &#8211; A106 GR.B A350 [&hellip;]<\/p>","protected":false},"author":1,"featured_media":0,"parent":0,"menu_order":0,"comment_status":"closed","ping_status":"closed","template":"","meta":{"site-sidebar-layout":"no-sidebar","site-content-layout":"page-builder","ast-site-content-layout":"full-width-container","site-content-style":"default","site-sidebar-style":"default","ast-global-header-display":"","ast-banner-title-visibility":"","ast-main-header-display":"","ast-hfb-above-header-display":"","ast-hfb-below-header-display":"","ast-hfb-mobile-header-display":"","site-post-title":"disabled","ast-breadcrumbs-content":"","ast-featured-img":"disabled","footer-sml-layout":"","theme-transparent-header-meta":"","adv-header-id-meta":"","stick-header-meta":"","header-above-stick-meta":"","header-main-stick-meta":"","header-below-stick-meta":"","astra-migrate-meta-layouts":"set","ast-page-background-enabled":"default","ast-page-background-meta":{"desktop":{"background-color":"","background-image":"","background-repeat":"repeat","background-position":"center center","background-size":"auto","background-attachment":"scroll","background-type":"","background-media":"","overlay-type":"","overlay-color":"","overlay-opacity":"","overlay-gradient":""},"tablet":{"background-color":"","background-image":"","background-repeat":"repeat","background-position":"center center","background-size":"auto","background-attachment":"scroll","background-type":"","background-media":"","overlay-type":"","overlay-color":"","overlay-opacity":"","overlay-gradient":""},"mobile":{"background-color":"","background-image":"","background-repeat":"repeat","background-position":"center center","background-size":"auto","background-attachment":"scroll","background-type":"","background-media":"","overlay-type":"","overlay-color":"","overlay-opacity":"","overlay-gradient":""}},"ast-content-background-meta":{"desktop":{"background-color":"var(--ast-global-color-5)","background-image":"","background-repeat":"repeat","background-position":"center center","background-size":"auto","background-attachment":"scroll","background-type":"","background-media":"","overlay-type":"","overlay-color":"","overlay-opacity":"","overlay-gradient":""},"tablet":{"background-color":"var(--ast-global-color-5)","background-image":"","background-repeat":"repeat","background-position":"center center","background-size":"auto","background-attachment":"scroll","background-type":"","background-media":"","overlay-type":"","overlay-color":"","overlay-opacity":"","overlay-gradient":""},"mobile":{"background-color":"var(--ast-global-color-5)","background-image":"","background-repeat":"repeat","background-position":"center center","background-size":"auto","background-attachment":"scroll","background-type":"","background-media":"","overlay-type":"","overlay-color":"","overlay-opacity":"","overlay-gradient":""}},"footnotes":""},"class_list":["post-4941","page","type-page","status-publish","hentry"],"_links":{"self":[{"href":"https:\/\/test.cman.hu\/en\/wp-json\/wp\/v2\/pages\/4941","targetHints":{"allow":["GET"]}}],"collection":[{"href":"https:\/\/test.cman.hu\/en\/wp-json\/wp\/v2\/pages"}],"about":[{"href":"https:\/\/test.cman.hu\/en\/wp-json\/wp\/v2\/types\/page"}],"author":[{"embeddable":true,"href":"https:\/\/test.cman.hu\/en\/wp-json\/wp\/v2\/users\/1"}],"replies":[{"embeddable":true,"href":"https:\/\/test.cman.hu\/en\/wp-json\/wp\/v2\/comments?post=4941"}],"version-history":[{"count":3,"href":"https:\/\/test.cman.hu\/en\/wp-json\/wp\/v2\/pages\/4941\/revisions"}],"predecessor-version":[{"id":5049,"href":"https:\/\/test.cman.hu\/en\/wp-json\/wp\/v2\/pages\/4941\/revisions\/5049"}],"wp:attachment":[{"href":"https:\/\/test.cman.hu\/en\/wp-json\/wp\/v2\/media?parent=4941"}],"curies":[{"name":"wp","href":"https:\/\/api.w.org\/{rel}","templated":true}]}}